{"id":2056,"date":"2019-02-27T22:18:46","date_gmt":"2019-02-27T22:18:46","guid":{"rendered":"https:\/\/borisinjac.com\/biografija\/"},"modified":"2019-07-16T22:59:53","modified_gmt":"2019-07-16T22:59:53","slug":"biografija","status":"publish","type":"page","link":"https:\/\/borisinjac.com\/sr\/biografija\/","title":{"rendered":"Biografija"},"content":{"rendered":"<p>[spb_text_block animation=&#8221;none&#8221; animation_delay=&#8221;0&#8243; simplified_controls=&#8221;yes&#8221; custom_css_percentage=&#8221;no&#8221; padding_vertical=&#8221;0&#8243; padding_horizontal=&#8221;0&#8243; margin_vertical=&#8221;0&#8243; custom_css=&#8221;margin-top: 0px;margin-bottom: 0px;&#8221; border_size=&#8221;0&#8243; border_styling_global=&#8221;default&#8221; width=&#8221;1\/4&#8243; el_position=&#8221;first&#8221;]<\/p>\n<h2><span style=\"color: #000000;\">Biografija<\/span><\/h2>\n<p>[\/spb_text_block] [spb_text_block animation=&#8221;none&#8221; animation_delay=&#8221;0&#8243; simplified_controls=&#8221;yes&#8221; custom_css_percentage=&#8221;no&#8221; padding_vertical=&#8221;0&#8243; padding_horizontal=&#8221;0&#8243; margin_vertical=&#8221;0&#8243; custom_css=&#8221;margin-top: 0px;margin-bottom: 0px;&#8221; border_size=&#8221;0&#8243; border_styling_global=&#8221;default&#8221; width=&#8221;3\/4&#8243; el_position=&#8221;last&#8221;]<\/p>\n<h2><span style=\"color: #000000;\">BORIS INJAC<\/span><br \/>\n<span style=\"color: #000000;\">1971. Ro\u0111en u Odz\u030cacima, Srbija<br \/>\n<\/span><span style=\"color: #000000;\">1998. Diplomirao na Central Saint Martins College, London<\/span><\/h2>\n<p>[\/spb_text_block] [spb_text_block animation=&#8221;none&#8221; animation_delay=&#8221;0&#8243; simplified_controls=&#8221;yes&#8221; custom_css_percentage=&#8221;no&#8221; padding_vertical=&#8221;0&#8243; padding_horizontal=&#8221;0&#8243; margin_vertical=&#8221;0&#8243; custom_css=&#8221;margin-top: 0px;margin-bottom: 0px;&#8221; border_size=&#8221;0&#8243; border_styling_global=&#8221;default&#8221; width=&#8221;1\/1&#8243; el_position=&#8221;first last&#8221;]<\/p>\n<p>Boris Injac (ro\u0111en u Od\u017eacima 1971. godine.) je srpski savremeni umetnik koji \u017eivi i stvara na relaciji Novi Sad &#8211; London.<\/p>\n<p><em>Zavr\u0161io je Srednju \u0161kolu za dizajn Bogdan \u0160uput u Novom Sadu 1989. godine. <\/em><\/p>\n<p>Po odlasku u London januaru 1991. Injac dobija mesto i atelje na Londonskom Kingsway College-u za umetnost i dizajn 1993. godine gde se bavi crtanjem, slikanjem, vajanjem, skulpturom, \u0161tampom, fotografijom, te priprema za dalje studije i dobija BTEC diplomu. Tu ostaje do 1995. godine.<\/p>\n<p>Nakon tog perioda i\u00a0intervjua sa najve\u0107im autoritetom slikarskog odseka Michael Thorp-om,\u00a0biva bezuslovno primljen i dobija stipendiju i \u0161kolarinu na Central Saint Martins College of Arts &amp; Design gde diplomira 1998. na odseku za slikarstvo &#8211; Fine Art Painting BA (Hons). Tokom studija razmatra i savremenije forme umetnosti: instalaciju, audio, performans, bavi se tada jo\u0161 pionirskim digitalnim iskazom ali se uvek dr\u017eao blizu svoga crte\u017ea i boje.<\/p>\n<p>Napredak tehnologije\u00a090ih\u00a0mu je zanimljiva tema i kompjuter kao tada novi alat kreacije i stvaranja u svim umetnostima.\u00a0Tokom studiranja bavi se i produkcijom elektronske muzike, a godinama nakon\u00a0 je i osnivaju\u0107i \u010dlan londonskog benda Symphonic Asylum (Simfonijski Azil). Bend je stvarao eksperimentalnu fuziju eletronike i instrumentalne muzike. Tako\u0111e se zanima za pisanu re\u010d u formatu poezije i kratkih pri\u010da.<\/p>\n<p>Tokom prve decenije 21. veka pravi pauzu od materijalizacije likovne umetnosti, ali ne i od sveukupnog stvarala\u0161tva.\u00a0Osniva multimedijalni digitalni studio pod imenom Locomotiva i radi u Londonskom digitalnom svetu dizajna, muzike, animacije i videa vezonog za dance kulturu i DJ scenu.\u00a0Nakon tog perioda vrac\u0301a se svojoj umetnosti, te i na samu umetni\u010dku scenu.<\/p>\n<p>Oblasti njegovih interesovanja su raznolike, a njegov rad je povezan i neminovno vu\u010de korene iz tema raseljavanja sa elementima tragi-komi\u010dnih odgovora i pitanja o savremenom i samostalnom otu\u0111enju ljudi od\u00a0ljudskog\u00a0kao i \u010doveka od \u010dove\u010danstva. Umetnik je u konstantnom preispitivanju sebe i prostora oko sebe \u0161to smatra zadatkom svakog umetnika, tako da su traganje i tuma\u010denje razli\u010ditih spoznaja u tom traganju osnovni pokreta\u010di njegovog delovanja.<\/p>\n<p>Njegov rad se kretao kroz \u0161iroki spektar medija, u nekoliko disciplina, ali sad vi\u0161e nego ikada ga reanimiraju klasi\u010dne discipline umetnosti; crtanje, slikanje i skulptura.<\/p>\n<p>Izlagao je u Londonu na grupnim i samostalnim izlo\u017ebama, deo je kreativne londonske scene i kao takav uklju\u010den u mnoga de\u0161avanja i doga\u0111aje. Njegovi radovi se nalaze u nekoliko privatnih kolekcija \u0161irom sveta.<\/p>\n<p>[\/spb_text_block]<\/p>\n","protected":false},"excerpt":{"rendered":"<p>[spb_text_block animation=&#8221;none&#8221; animation_delay=&#8221;0&#8243; simplified_controls=&#8221;yes&#8221; custom_css_percentage=&#8221;no&#8221; padding_vertical=&#8221;0&#8243; padding_horizontal=&#8221;0&#8243; margin_vertical=&#8221;0&#8243; custom_css=&#8221;margin-top: 0px;margin-bottom: 0px;&#8221; border_size=&#8221;0&#8243; border_styling_global=&#8221;default&#8221; width=&#8221;1\/4&#8243; el_position=&#8221;first&#8221;] Biografija [\/spb_text_block] [spb_text_block animation=&#8221;none&#8221; animation_delay=&#8221;0&#8243; simplified_controls=&#8221;yes&#8221; custom_css_percentage=&#8221;no&#8221; padding_vertical=&#8221;0&#8243; padding_horizontal=&#8221;0&#8243; margin_vertical=&#8221;0&#8243; custom_css=&#8221;margin-top: 0px;margin-bottom: 0px;&#8221; border_size=&#8221;0&#8243; border_styling_global=&#8221;default&#8221; width=&#8221;3\/4&#8243; el_position=&#8221;last&#8221;] BORIS INJAC 1971. Ro\u0111en u Odz\u030cacima, Srbija 1998. Diplomirao na Central Saint Martins College, London [\/spb_text_block] [spb_text_block animation=&#8221;none&#8221; animation_delay=&#8221;0&#8243; simplified_controls=&#8221;yes&#8221; custom_css_percentage=&#8221;no&#8221; padding_vertical=&#8221;0&#8243; padding_horizontal=&#8221;0&#8243; margin_vertical=&#8221;0&#8243; custom_css=&#8221;margin-top: 0px;margin-bottom: 0px;&#8221; border_size=&#8221;0&#8243; [&hellip;]<\/p>\n","protected":false},"author":3,"featured_media":0,"parent":0,"menu_order":17,"comment_status":"closed","ping_status":"closed","template":"","meta":{"footnotes":""},"class_list":["post-2056","page","type-page","status-publish","hentry"],"yoast_head":"<!-- This site is optimized with the Yoast SEO Premium plugin v24.7 (Yoast SEO v27.6) - https:\/\/yoast.com\/product\/yoast-seo-premium-wordpress\/ -->\n<title>Boris Injac je londonski savremeni umetnik<\/title>\n<meta name=\"description\" content=\"Boris Injac je londonski savremeni umetnik Injac je diplomirao na Central Saint Martins School of Art (slikarstvo). iz tema raseljavanja sa elementima tragi-komic\u030cnih odgovora i pitanja o savremenom i samostalnom otu\u0111enju ljudi od ljudskog kao i c\u030coveka od c\u030covec\u030canstva. Umetnik je u konstantnom preispitivanju sebe i prostora oko sebe s\u030cto smatra zadatkom svakog umetnika, tako da su traganje i tumac\u030cenje razlic\u030citih spoznaja u tom traganju osnovni pokretac\u030ci njegovog delovanja. Njegov rad se kretao kroz s\u030ciroki spektar medija, u nekoliko disciplina\" \/>\n<meta name=\"robots\" content=\"index, follow, max-snippet:-1, max-image-preview:large, max-video-preview:-1\" \/>\n<link rel=\"canonical\" href=\"https:\/\/borisinjac.com\/sr\/biografija\/\" \/>\n<meta property=\"og:locale\" content=\"sr_RS\" \/>\n<meta property=\"og:type\" content=\"article\" \/>\n<meta property=\"og:title\" content=\"Biografija\" \/>\n<meta property=\"og:description\" content=\"Boris Injac je londonski savremeni umetnik Injac je diplomirao na Central Saint Martins School of Art (slikarstvo). iz tema raseljavanja sa elementima tragi-komic\u030cnih odgovora i pitanja o savremenom i samostalnom otu\u0111enju ljudi od ljudskog kao i c\u030coveka od c\u030covec\u030canstva. Umetnik je u konstantnom preispitivanju sebe i prostora oko sebe s\u030cto smatra zadatkom svakog umetnika, tako da su traganje i tumac\u030cenje razlic\u030citih spoznaja u tom traganju osnovni pokretac\u030ci njegovog delovanja. Njegov rad se kretao kroz s\u030ciroki spektar medija, u nekoliko disciplina\" \/>\n<meta property=\"og:url\" content=\"https:\/\/borisinjac.com\/sr\/biografija\/\" \/>\n<meta property=\"og:site_name\" content=\"I N J A C\" \/>\n<meta property=\"article:modified_time\" content=\"2019-07-16T22:59:53+00:00\" \/>\n<meta property=\"og:image\" content=\"https:\/\/borisinjac.com\/wp-content\/uploads\/2018\/03\/Boris_Injac-crop-2018.jpg\" \/>\n\t<meta property=\"og:image:width\" content=\"844\" \/>\n\t<meta property=\"og:image:height\" content=\"1024\" \/>\n\t<meta property=\"og:image:type\" content=\"image\/jpeg\" \/>\n<meta name=\"twitter:card\" content=\"summary_large_image\" \/>\n<meta name=\"twitter:label1\" content=\"Est. reading time\" \/>\n\t<meta name=\"twitter:data1\" content=\"3 minutes\" \/>\n<script type=\"application\/ld+json\" class=\"yoast-schema-graph\">{\"@context\":\"https:\\\/\\\/schema.org\",\"@graph\":[{\"@type\":\"WebPage\",\"@id\":\"https:\\\/\\\/borisinjac.com\\\/sr\\\/biografija\\\/\",\"url\":\"https:\\\/\\\/borisinjac.com\\\/sr\\\/biografija\\\/\",\"name\":\"Boris Injac je londonski savremeni umetnik\",\"isPartOf\":{\"@id\":\"https:\\\/\\\/borisinjac.com\\\/sr\\\/#website\"},\"datePublished\":\"2019-02-27T22:18:46+00:00\",\"dateModified\":\"2019-07-16T22:59:53+00:00\",\"description\":\"Boris Injac je londonski savremeni umetnik Injac je diplomirao na Central Saint Martins School of Art (slikarstvo). iz tema raseljavanja sa elementima tragi-komic\u030cnih odgovora i pitanja o savremenom i samostalnom otu\u0111enju ljudi od ljudskog kao i c\u030coveka od c\u030covec\u030canstva. Umetnik je u konstantnom preispitivanju sebe i prostora oko sebe s\u030cto smatra zadatkom svakog umetnika, tako da su traganje i tumac\u030cenje razlic\u030citih spoznaja u tom traganju osnovni pokretac\u030ci njegovog delovanja. Njegov rad se kretao kroz s\u030ciroki spektar medija, u nekoliko disciplina\",\"breadcrumb\":{\"@id\":\"https:\\\/\\\/borisinjac.com\\\/sr\\\/biografija\\\/#breadcrumb\"},\"inLanguage\":\"sr-RS\",\"potentialAction\":[{\"@type\":\"ReadAction\",\"target\":[\"https:\\\/\\\/borisinjac.com\\\/sr\\\/biografija\\\/\"]}]},{\"@type\":\"BreadcrumbList\",\"@id\":\"https:\\\/\\\/borisinjac.com\\\/sr\\\/biografija\\\/#breadcrumb\",\"itemListElement\":[{\"@type\":\"ListItem\",\"position\":1,\"name\":\"Home\",\"item\":\"https:\\\/\\\/borisinjac.com\\\/sr\\\/\"},{\"@type\":\"ListItem\",\"position\":2,\"name\":\"Biografija\"}]},{\"@type\":\"WebSite\",\"@id\":\"https:\\\/\\\/borisinjac.com\\\/sr\\\/#website\",\"url\":\"https:\\\/\\\/borisinjac.com\\\/sr\\\/\",\"name\":\"I N J A C\",\"description\":\"Boris Injac - artist | umetnik\",\"publisher\":{\"@id\":\"https:\\\/\\\/borisinjac.com\\\/sr\\\/#\\\/schema\\\/person\\\/bf305610c84b1fcef0379775904b960c\"},\"potentialAction\":[{\"@type\":\"SearchAction\",\"target\":{\"@type\":\"EntryPoint\",\"urlTemplate\":\"https:\\\/\\\/borisinjac.com\\\/sr\\\/?s={search_term_string}\"},\"query-input\":{\"@type\":\"PropertyValueSpecification\",\"valueRequired\":true,\"valueName\":\"search_term_string\"}}],\"inLanguage\":\"sr-RS\"},{\"@type\":[\"Person\",\"Organization\"],\"@id\":\"https:\\\/\\\/borisinjac.com\\\/sr\\\/#\\\/schema\\\/person\\\/bf305610c84b1fcef0379775904b960c\",\"name\":\"Injac\",\"image\":{\"@type\":\"ImageObject\",\"inLanguage\":\"sr-RS\",\"@id\":\"https:\\\/\\\/borisinjac.com\\\/wp-content\\\/uploads\\\/2018\\\/03\\\/Logo-textx1.png\",\"url\":\"https:\\\/\\\/borisinjac.com\\\/wp-content\\\/uploads\\\/2018\\\/03\\\/Logo-textx1.png\",\"contentUrl\":\"https:\\\/\\\/borisinjac.com\\\/wp-content\\\/uploads\\\/2018\\\/03\\\/Logo-textx1.png\",\"width\":158,\"height\":50,\"caption\":\"Injac\"},\"logo\":{\"@id\":\"https:\\\/\\\/borisinjac.com\\\/wp-content\\\/uploads\\\/2018\\\/03\\\/Logo-textx1.png\"},\"gender\":\"male\",\"jobTitle\":\"Visual Artist\"}]}<\/script>\n<!-- \/ Yoast SEO Premium plugin. -->","yoast_head_json":{"title":"Boris Injac je londonski savremeni umetnik","description":"Boris Injac je londonski savremeni umetnik Injac je diplomirao na Central Saint Martins School of Art (slikarstvo). iz tema raseljavanja sa elementima tragi-komic\u030cnih odgovora i pitanja o savremenom i samostalnom otu\u0111enju ljudi od ljudskog kao i c\u030coveka od c\u030covec\u030canstva. Umetnik je u konstantnom preispitivanju sebe i prostora oko sebe s\u030cto smatra zadatkom svakog umetnika, tako da su traganje i tumac\u030cenje razlic\u030citih spoznaja u tom traganju osnovni pokretac\u030ci njegovog delovanja. Njegov rad se kretao kroz s\u030ciroki spektar medija, u nekoliko disciplina","robots":{"index":"index","follow":"follow","max-snippet":"max-snippet:-1","max-image-preview":"max-image-preview:large","max-video-preview":"max-video-preview:-1"},"canonical":"https:\/\/borisinjac.com\/sr\/biografija\/","og_locale":"sr_RS","og_type":"article","og_title":"Biografija","og_description":"Boris Injac je londonski savremeni umetnik Injac je diplomirao na Central Saint Martins School of Art (slikarstvo). iz tema raseljavanja sa elementima tragi-komic\u030cnih odgovora i pitanja o savremenom i samostalnom otu\u0111enju ljudi od ljudskog kao i c\u030coveka od c\u030covec\u030canstva. Umetnik je u konstantnom preispitivanju sebe i prostora oko sebe s\u030cto smatra zadatkom svakog umetnika, tako da su traganje i tumac\u030cenje razlic\u030citih spoznaja u tom traganju osnovni pokretac\u030ci njegovog delovanja. Njegov rad se kretao kroz s\u030ciroki spektar medija, u nekoliko disciplina","og_url":"https:\/\/borisinjac.com\/sr\/biografija\/","og_site_name":"I N J A C","article_modified_time":"2019-07-16T22:59:53+00:00","og_image":[{"width":844,"height":1024,"url":"https:\/\/borisinjac.com\/wp-content\/uploads\/2018\/03\/Boris_Injac-crop-2018.jpg","type":"image\/jpeg"}],"twitter_card":"summary_large_image","twitter_misc":{"Est. reading time":"3 minutes"},"schema":{"@context":"https:\/\/schema.org","@graph":[{"@type":"WebPage","@id":"https:\/\/borisinjac.com\/sr\/biografija\/","url":"https:\/\/borisinjac.com\/sr\/biografija\/","name":"Boris Injac je londonski savremeni umetnik","isPartOf":{"@id":"https:\/\/borisinjac.com\/sr\/#website"},"datePublished":"2019-02-27T22:18:46+00:00","dateModified":"2019-07-16T22:59:53+00:00","description":"Boris Injac je londonski savremeni umetnik Injac je diplomirao na Central Saint Martins School of Art (slikarstvo). iz tema raseljavanja sa elementima tragi-komic\u030cnih odgovora i pitanja o savremenom i samostalnom otu\u0111enju ljudi od ljudskog kao i c\u030coveka od c\u030covec\u030canstva. Umetnik je u konstantnom preispitivanju sebe i prostora oko sebe s\u030cto smatra zadatkom svakog umetnika, tako da su traganje i tumac\u030cenje razlic\u030citih spoznaja u tom traganju osnovni pokretac\u030ci njegovog delovanja. Njegov rad se kretao kroz s\u030ciroki spektar medija, u nekoliko disciplina","breadcrumb":{"@id":"https:\/\/borisinjac.com\/sr\/biografija\/#breadcrumb"},"inLanguage":"sr-RS","potentialAction":[{"@type":"ReadAction","target":["https:\/\/borisinjac.com\/sr\/biografija\/"]}]},{"@type":"BreadcrumbList","@id":"https:\/\/borisinjac.com\/sr\/biografija\/#breadcrumb","itemListElement":[{"@type":"ListItem","position":1,"name":"Home","item":"https:\/\/borisinjac.com\/sr\/"},{"@type":"ListItem","position":2,"name":"Biografija"}]},{"@type":"WebSite","@id":"https:\/\/borisinjac.com\/sr\/#website","url":"https:\/\/borisinjac.com\/sr\/","name":"I N J A C","description":"Boris Injac - artist | umetnik","publisher":{"@id":"https:\/\/borisinjac.com\/sr\/#\/schema\/person\/bf305610c84b1fcef0379775904b960c"},"potentialAction":[{"@type":"SearchAction","target":{"@type":"EntryPoint","urlTemplate":"https:\/\/borisinjac.com\/sr\/?s={search_term_string}"},"query-input":{"@type":"PropertyValueSpecification","valueRequired":true,"valueName":"search_term_string"}}],"inLanguage":"sr-RS"},{"@type":["Person","Organization"],"@id":"https:\/\/borisinjac.com\/sr\/#\/schema\/person\/bf305610c84b1fcef0379775904b960c","name":"Injac","image":{"@type":"ImageObject","inLanguage":"sr-RS","@id":"https:\/\/borisinjac.com\/wp-content\/uploads\/2018\/03\/Logo-textx1.png","url":"https:\/\/borisinjac.com\/wp-content\/uploads\/2018\/03\/Logo-textx1.png","contentUrl":"https:\/\/borisinjac.com\/wp-content\/uploads\/2018\/03\/Logo-textx1.png","width":158,"height":50,"caption":"Injac"},"logo":{"@id":"https:\/\/borisinjac.com\/wp-content\/uploads\/2018\/03\/Logo-textx1.png"},"gender":"male","jobTitle":"Visual Artist"}]}},"_links":{"self":[{"href":"https:\/\/borisinjac.com\/sr\/wp-json\/wp\/v2\/pages\/2056","targetHints":{"allow":["GET"]}}],"collection":[{"href":"https:\/\/borisinjac.com\/sr\/wp-json\/wp\/v2\/pages"}],"about":[{"href":"https:\/\/borisinjac.com\/sr\/wp-json\/wp\/v2\/types\/page"}],"author":[{"embeddable":true,"href":"https:\/\/borisinjac.com\/sr\/wp-json\/wp\/v2\/users\/3"}],"replies":[{"embeddable":true,"href":"https:\/\/borisinjac.com\/sr\/wp-json\/wp\/v2\/comments?post=2056"}],"version-history":[{"count":0,"href":"https:\/\/borisinjac.com\/sr\/wp-json\/wp\/v2\/pages\/2056\/revisions"}],"wp:attachment":[{"href":"https:\/\/borisinjac.com\/sr\/wp-json\/wp\/v2\/media?parent=2056"}],"curies":[{"name":"wp","href":"https:\/\/api.w.org\/{rel}","templated":true}]}}