{"id":1837,"date":"2015-06-01T11:49:11","date_gmt":"2015-06-01T11:49:11","guid":{"rendered":"https:\/\/borisinjac.com\/?page_id=1837"},"modified":"2023-10-16T19:59:48","modified_gmt":"2023-10-16T19:59:48","slug":"kontakt","status":"publish","type":"page","link":"https:\/\/borisinjac.com\/sr\/kontakt\/","title":{"rendered":"Kontakt"},"content":{"rendered":"<p>[spb_blank_spacer height=&#8221;90px&#8221; width=&#8221;1\/1&#8243; el_position=&#8221;first last&#8221;] [spb_column col_animation=&#8221;none&#8221; col_animation_delay=&#8221;0&#8243; col_bg_type=&#8221;cover&#8221; col_parallax_image_movement=&#8221;fixed&#8221; col_parallax_image_speed=&#8221;0.5&#8243; col_padding=&#8221;0&#8243; col_vertical_offset=&#8221;0&#8243; col_horizontal_offset=&#8221;0&#8243; col_custom_zindex=&#8221;0&#8243; col_sm=&#8221;6&#8243; simplified_controls=&#8221;yes&#8221; custom_css_percentage=&#8221;no&#8221; padding_vertical=&#8221;0&#8243; padding_horizontal=&#8221;0&#8243; margin_vertical=&#8221;0&#8243; custom_css=&#8221;margin-top: 0px;margin-bottom: 0px;&#8221; border_styling_global=&#8221;default&#8221; width=&#8221;1\/2&#8243; el_position=&#8221;first&#8221;] [spb_text_block animation=&#8221;none&#8221; animation_delay=&#8221;0&#8243; simplified_controls=&#8221;yes&#8221; custom_css_percentage=&#8221;no&#8221; padding_vertical=&#8221;0&#8243; padding_horizontal=&#8221;0&#8243; margin_vertical=&#8221;0&#8243; custom_css=&#8221;margin-top: 0px;margin-bottom: 0px;&#8221; border_size=&#8221;0&#8243; border_styling_global=&#8221;default&#8221; width=&#8221;1\/1&#8243; el_position=&#8221;first last&#8221;]<\/p>\n<h3>BORIS INJAC<\/h3>\n<h3 class=\"p1\">Boris Injac je srpski savremeni umetnik sa sedi\u0161tem u Londonu. Injac je diplomirao na\u00a0<a href=\"https:\/\/www.arts.ac.uk\/colleges\/central-saint-martins\" target=\"_blank\" rel=\"noopener noreferrer\">Central Saint Martins School of Art<\/a>\u00a0(slikarstvo). Oblasti njegovih interesovanja su raznolike, a njegov rad je povezan i neminovno vu\u010de korene iz tema raseljavanja sa elementima tragi-komi\u010dnih odgovora i pitanja o savremenom i samostalnom otu\u0111enju ljudi od ljudskog kao i \u010doveka od \u010dove\u010danstva. Umetnik je u konstantnom preispitivanju sebe i prostora oko sebe \u0161to smatra zadatkom svakog umetnika, tako da su traganje i tuma\u010denje razli\u010ditih spoznaja u tom traganju osnovni pokreta\u010di njegovog delovanja.\u00a0Radi u \u0161irokom spektru medija i kroz nekoliko disciplina.<\/h3>\n<p class=\"p1\"><a href=\"https:\/\/borisinjac.com\/sr\/biografija\/\">VI\u0160E<\/a><\/p>\n<p>[\/spb_text_block] [\/spb_column] [spb_column col_sm=&#8221;6&#8243; padding_horizontal=&#8221;0&#8243; width=&#8221;1\/2&#8243; el_position=&#8221;last&#8221;] [spb_blank_spacer height=&#8221;40px&#8221; width=&#8221;1\/1&#8243; el_position=&#8221;first last&#8221;] [spb_text_block animation=&#8221;none&#8221; animation_delay=&#8221;0&#8243; simplified_controls=&#8221;yes&#8221; custom_css_percentage=&#8221;no&#8221; padding_vertical=&#8221;0&#8243; padding_horizontal=&#8221;0&#8243; margin_vertical=&#8221;0&#8243; custom_css=&#8221;margin-top: 0px;margin-bottom: 0px;&#8221; border_size=&#8221;0&#8243; border_styling_global=&#8221;default&#8221; width=&#8221;1\/1&#8243; el_position=&#8221;first last&#8221;]<\/p>\n<h3>Boris radi iz njegovih studija u Londonu i Srbiji (Novi Sad). Njegov rad se kretao kroz \u0161iroki spektar medija, u nekoliko disciplina, ali sad vi\u0161e nego ikada ga reanimiraju klasi\u010dne discipline umetnosti; crtanje, slikanje i skulptura.<\/h3>\n<p>[\/spb_text_block] [spb_text_block title=&#8221;Contact details&#8221; animation=&#8221;none&#8221; animation_delay=&#8221;0&#8243; simplified_controls=&#8221;yes&#8221; custom_css_percentage=&#8221;no&#8221; padding_vertical=&#8221;0&#8243; padding_horizontal=&#8221;0&#8243; margin_vertical=&#8221;0&#8243; custom_css=&#8221;margin-top: 0px;margin-bottom: 0px;&#8221; border_size=&#8221;0&#8243; border_styling_global=&#8221;default&#8221; width=&#8221;1\/1&#8243; el_position=&#8221;first last&#8221;]<\/p>\n<h3><strong>Boris Injac<\/strong><br \/>\n<a href=\"mailto:studio@borisinjac.com\">studio@borisinjac.com<\/a><\/h3>\n<p>[\/spb_text_block] [\/spb_column]<\/p>\n","protected":false},"excerpt":{"rendered":"<p>[spb_blank_spacer height=&#8221;90px&#8221; width=&#8221;1\/1&#8243; el_position=&#8221;first last&#8221;] [spb_column col_animation=&#8221;none&#8221; col_animation_delay=&#8221;0&#8243; col_bg_type=&#8221;cover&#8221; col_parallax_image_movement=&#8221;fixed&#8221; col_parallax_image_speed=&#8221;0.5&#8243; col_padding=&#8221;0&#8243; col_vertical_offset=&#8221;0&#8243; col_horizontal_offset=&#8221;0&#8243; col_custom_zindex=&#8221;0&#8243; col_sm=&#8221;6&#8243; simplified_controls=&#8221;yes&#8221; custom_css_percentage=&#8221;no&#8221; padding_vertical=&#8221;0&#8243; padding_horizontal=&#8221;0&#8243; margin_vertical=&#8221;0&#8243; custom_css=&#8221;margin-top: 0px;margin-bottom: 0px;&#8221; border_styling_global=&#8221;default&#8221; width=&#8221;1\/2&#8243; el_position=&#8221;first&#8221;] [spb_text_block animation=&#8221;none&#8221; animation_delay=&#8221;0&#8243; simplified_controls=&#8221;yes&#8221; custom_css_percentage=&#8221;no&#8221; padding_vertical=&#8221;0&#8243; padding_horizontal=&#8221;0&#8243; margin_vertical=&#8221;0&#8243; custom_css=&#8221;margin-top: 0px;margin-bottom: 0px;&#8221; border_size=&#8221;0&#8243; border_styling_global=&#8221;default&#8221; width=&#8221;1\/1&#8243; el_position=&#8221;first last&#8221;] BORIS INJAC Boris Injac je srpski savremeni umetnik sa sedi\u0161tem u Londonu. Injac je diplomirao na\u00a0Central Saint [&hellip;]<\/p>\n","protected":false},"author":3,"featured_media":0,"parent":0,"menu_order":16,"comment_status":"closed","ping_status":"closed","template":"","meta":{"footnotes":""},"class_list":["post-1837","page","type-page","status-publish","hentry"],"yoast_head":"<!-- This site is optimized with the Yoast SEO Premium plugin v24.7 (Yoast SEO v27.6) - https:\/\/yoast.com\/product\/yoast-seo-premium-wordpress\/ -->\n<title>Kontakt - I N J A C<\/title>\n<meta name=\"description\" content=\"Boris Injac is a London-based Serbian contemporary artist. Injac graduated from Central Saint Martins School of Art (Fine Art-painting). His interests are diverse, and his work is rooted in the topic of displacement with the elements of tragic-comic responses, focusing on questions of the contemporary alienation of human from the humane and man from humanity. As an artist, he is constantly re-examining himself and the space around him; the search and interpretation of various insights in the space and life he inhabits are the main drivers of his work. He works in wide range of media and across several disciplines.\" \/>\n<meta name=\"robots\" content=\"index, follow, max-snippet:-1, max-image-preview:large, max-video-preview:-1\" \/>\n<link rel=\"canonical\" href=\"https:\/\/borisinjac.com\/sr\/kontakt\/\" \/>\n<meta property=\"og:locale\" content=\"sr_RS\" \/>\n<meta property=\"og:type\" content=\"article\" \/>\n<meta property=\"og:title\" content=\"Kontakt\" \/>\n<meta property=\"og:description\" content=\"Boris Injac is a London-based Serbian contemporary artist. Injac graduated from Central Saint Martins School of Art (Fine Art-painting). His interests are diverse, and his work is rooted in the topic of displacement with the elements of tragic-comic responses, focusing on questions of the contemporary alienation of human from the humane and man from humanity. As an artist, he is constantly re-examining himself and the space around him; the search and interpretation of various insights in the space and life he inhabits are the main drivers of his work. He works in wide range of media and across several disciplines.\" \/>\n<meta property=\"og:url\" content=\"https:\/\/borisinjac.com\/sr\/kontakt\/\" \/>\n<meta property=\"og:site_name\" content=\"I N J A C\" \/>\n<meta property=\"article:modified_time\" content=\"2023-10-16T19:59:48+00:00\" \/>\n<meta property=\"og:image\" content=\"https:\/\/borisinjac.com\/wp-content\/uploads\/2018\/03\/Boris_Injac-crop-2018.jpg\" \/>\n\t<meta property=\"og:image:width\" content=\"844\" \/>\n\t<meta property=\"og:image:height\" content=\"1024\" \/>\n\t<meta property=\"og:image:type\" content=\"image\/jpeg\" \/>\n<meta name=\"twitter:card\" content=\"summary_large_image\" \/>\n<meta name=\"twitter:label1\" content=\"Est. reading time\" \/>\n\t<meta name=\"twitter:data1\" content=\"2 minutes\" \/>\n<script type=\"application\/ld+json\" class=\"yoast-schema-graph\">{\"@context\":\"https:\\\/\\\/schema.org\",\"@graph\":[{\"@type\":\"WebPage\",\"@id\":\"https:\\\/\\\/borisinjac.com\\\/sr\\\/kontakt\\\/\",\"url\":\"https:\\\/\\\/borisinjac.com\\\/sr\\\/kontakt\\\/\",\"name\":\"Kontakt - I N J A C\",\"isPartOf\":{\"@id\":\"https:\\\/\\\/borisinjac.com\\\/sr\\\/#website\"},\"datePublished\":\"2015-06-01T11:49:11+00:00\",\"dateModified\":\"2023-10-16T19:59:48+00:00\",\"description\":\"Boris Injac is a London-based Serbian contemporary artist. Injac graduated from Central Saint Martins School of Art (Fine Art-painting). His interests are diverse, and his work is rooted in the topic of displacement with the elements of tragic-comic responses, focusing on questions of the contemporary alienation of human from the humane and man from humanity. As an artist, he is constantly re-examining himself and the space around him; the search and interpretation of various insights in the space and life he inhabits are the main drivers of his work. He works in wide range of media and across several disciplines.\",\"breadcrumb\":{\"@id\":\"https:\\\/\\\/borisinjac.com\\\/sr\\\/kontakt\\\/#breadcrumb\"},\"inLanguage\":\"sr-RS\",\"potentialAction\":[{\"@type\":\"ReadAction\",\"target\":[\"https:\\\/\\\/borisinjac.com\\\/sr\\\/kontakt\\\/\"]}]},{\"@type\":\"BreadcrumbList\",\"@id\":\"https:\\\/\\\/borisinjac.com\\\/sr\\\/kontakt\\\/#breadcrumb\",\"itemListElement\":[{\"@type\":\"ListItem\",\"position\":1,\"name\":\"Home\",\"item\":\"https:\\\/\\\/borisinjac.com\\\/sr\\\/\"},{\"@type\":\"ListItem\",\"position\":2,\"name\":\"Kontakt\"}]},{\"@type\":\"WebSite\",\"@id\":\"https:\\\/\\\/borisinjac.com\\\/sr\\\/#website\",\"url\":\"https:\\\/\\\/borisinjac.com\\\/sr\\\/\",\"name\":\"I N J A C\",\"description\":\"Boris Injac - artist | umetnik\",\"publisher\":{\"@id\":\"https:\\\/\\\/borisinjac.com\\\/sr\\\/#\\\/schema\\\/person\\\/bf305610c84b1fcef0379775904b960c\"},\"potentialAction\":[{\"@type\":\"SearchAction\",\"target\":{\"@type\":\"EntryPoint\",\"urlTemplate\":\"https:\\\/\\\/borisinjac.com\\\/sr\\\/?s={search_term_string}\"},\"query-input\":{\"@type\":\"PropertyValueSpecification\",\"valueRequired\":true,\"valueName\":\"search_term_string\"}}],\"inLanguage\":\"sr-RS\"},{\"@type\":[\"Person\",\"Organization\"],\"@id\":\"https:\\\/\\\/borisinjac.com\\\/sr\\\/#\\\/schema\\\/person\\\/bf305610c84b1fcef0379775904b960c\",\"name\":\"Injac\",\"image\":{\"@type\":\"ImageObject\",\"inLanguage\":\"sr-RS\",\"@id\":\"https:\\\/\\\/borisinjac.com\\\/wp-content\\\/uploads\\\/2018\\\/03\\\/Logo-textx1.png\",\"url\":\"https:\\\/\\\/borisinjac.com\\\/wp-content\\\/uploads\\\/2018\\\/03\\\/Logo-textx1.png\",\"contentUrl\":\"https:\\\/\\\/borisinjac.com\\\/wp-content\\\/uploads\\\/2018\\\/03\\\/Logo-textx1.png\",\"width\":158,\"height\":50,\"caption\":\"Injac\"},\"logo\":{\"@id\":\"https:\\\/\\\/borisinjac.com\\\/wp-content\\\/uploads\\\/2018\\\/03\\\/Logo-textx1.png\"},\"gender\":\"male\",\"jobTitle\":\"Visual Artist\"}]}<\/script>\n<!-- \/ Yoast SEO Premium plugin. -->","yoast_head_json":{"title":"Kontakt - I N J A C","description":"Boris Injac is a London-based Serbian contemporary artist. Injac graduated from Central Saint Martins School of Art (Fine Art-painting). His interests are diverse, and his work is rooted in the topic of displacement with the elements of tragic-comic responses, focusing on questions of the contemporary alienation of human from the humane and man from humanity. As an artist, he is constantly re-examining himself and the space around him; the search and interpretation of various insights in the space and life he inhabits are the main drivers of his work. He works in wide range of media and across several disciplines.","robots":{"index":"index","follow":"follow","max-snippet":"max-snippet:-1","max-image-preview":"max-image-preview:large","max-video-preview":"max-video-preview:-1"},"canonical":"https:\/\/borisinjac.com\/sr\/kontakt\/","og_locale":"sr_RS","og_type":"article","og_title":"Kontakt","og_description":"Boris Injac is a London-based Serbian contemporary artist. Injac graduated from Central Saint Martins School of Art (Fine Art-painting). His interests are diverse, and his work is rooted in the topic of displacement with the elements of tragic-comic responses, focusing on questions of the contemporary alienation of human from the humane and man from humanity. As an artist, he is constantly re-examining himself and the space around him; the search and interpretation of various insights in the space and life he inhabits are the main drivers of his work. He works in wide range of media and across several disciplines.","og_url":"https:\/\/borisinjac.com\/sr\/kontakt\/","og_site_name":"I N J A C","article_modified_time":"2023-10-16T19:59:48+00:00","og_image":[{"width":844,"height":1024,"url":"https:\/\/borisinjac.com\/wp-content\/uploads\/2018\/03\/Boris_Injac-crop-2018.jpg","type":"image\/jpeg"}],"twitter_card":"summary_large_image","twitter_misc":{"Est. reading time":"2 minutes"},"schema":{"@context":"https:\/\/schema.org","@graph":[{"@type":"WebPage","@id":"https:\/\/borisinjac.com\/sr\/kontakt\/","url":"https:\/\/borisinjac.com\/sr\/kontakt\/","name":"Kontakt - I N J A C","isPartOf":{"@id":"https:\/\/borisinjac.com\/sr\/#website"},"datePublished":"2015-06-01T11:49:11+00:00","dateModified":"2023-10-16T19:59:48+00:00","description":"Boris Injac is a London-based Serbian contemporary artist. Injac graduated from Central Saint Martins School of Art (Fine Art-painting). His interests are diverse, and his work is rooted in the topic of displacement with the elements of tragic-comic responses, focusing on questions of the contemporary alienation of human from the humane and man from humanity. As an artist, he is constantly re-examining himself and the space around him; the search and interpretation of various insights in the space and life he inhabits are the main drivers of his work. He works in wide range of media and across several disciplines.","breadcrumb":{"@id":"https:\/\/borisinjac.com\/sr\/kontakt\/#breadcrumb"},"inLanguage":"sr-RS","potentialAction":[{"@type":"ReadAction","target":["https:\/\/borisinjac.com\/sr\/kontakt\/"]}]},{"@type":"BreadcrumbList","@id":"https:\/\/borisinjac.com\/sr\/kontakt\/#breadcrumb","itemListElement":[{"@type":"ListItem","position":1,"name":"Home","item":"https:\/\/borisinjac.com\/sr\/"},{"@type":"ListItem","position":2,"name":"Kontakt"}]},{"@type":"WebSite","@id":"https:\/\/borisinjac.com\/sr\/#website","url":"https:\/\/borisinjac.com\/sr\/","name":"I N J A C","description":"Boris Injac - artist | umetnik","publisher":{"@id":"https:\/\/borisinjac.com\/sr\/#\/schema\/person\/bf305610c84b1fcef0379775904b960c"},"potentialAction":[{"@type":"SearchAction","target":{"@type":"EntryPoint","urlTemplate":"https:\/\/borisinjac.com\/sr\/?s={search_term_string}"},"query-input":{"@type":"PropertyValueSpecification","valueRequired":true,"valueName":"search_term_string"}}],"inLanguage":"sr-RS"},{"@type":["Person","Organization"],"@id":"https:\/\/borisinjac.com\/sr\/#\/schema\/person\/bf305610c84b1fcef0379775904b960c","name":"Injac","image":{"@type":"ImageObject","inLanguage":"sr-RS","@id":"https:\/\/borisinjac.com\/wp-content\/uploads\/2018\/03\/Logo-textx1.png","url":"https:\/\/borisinjac.com\/wp-content\/uploads\/2018\/03\/Logo-textx1.png","contentUrl":"https:\/\/borisinjac.com\/wp-content\/uploads\/2018\/03\/Logo-textx1.png","width":158,"height":50,"caption":"Injac"},"logo":{"@id":"https:\/\/borisinjac.com\/wp-content\/uploads\/2018\/03\/Logo-textx1.png"},"gender":"male","jobTitle":"Visual Artist"}]}},"_links":{"self":[{"href":"https:\/\/borisinjac.com\/sr\/wp-json\/wp\/v2\/pages\/1837","targetHints":{"allow":["GET"]}}],"collection":[{"href":"https:\/\/borisinjac.com\/sr\/wp-json\/wp\/v2\/pages"}],"about":[{"href":"https:\/\/borisinjac.com\/sr\/wp-json\/wp\/v2\/types\/page"}],"author":[{"embeddable":true,"href":"https:\/\/borisinjac.com\/sr\/wp-json\/wp\/v2\/users\/3"}],"replies":[{"embeddable":true,"href":"https:\/\/borisinjac.com\/sr\/wp-json\/wp\/v2\/comments?post=1837"}],"version-history":[{"count":0,"href":"https:\/\/borisinjac.com\/sr\/wp-json\/wp\/v2\/pages\/1837\/revisions"}],"wp:attachment":[{"href":"https:\/\/borisinjac.com\/sr\/wp-json\/wp\/v2\/media?parent=1837"}],"curies":[{"name":"wp","href":"https:\/\/api.w.org\/{rel}","templated":true}]}}